{"id":595,"date":"2026-03-25T17:19:55","date_gmt":"2026-03-25T16:19:55","guid":{"rendered":"https:\/\/nolsttropez.milkdigital.fr\/?page_id=595"},"modified":"2026-03-26T10:53:02","modified_gmt":"2026-03-26T09:53:02","slug":"confidentialite-des-cookies","status":"publish","type":"page","link":"https:\/\/nolsttropez.milkdigital.fr\/fr\/confidentialite-des-cookies\/","title":{"rendered":"Confidentialit\u00e9 des cookies"},"content":{"rendered":"<p><span data-teams=\"true\">Certaines fonctionnalit\u00e9s de ce site (annonces personnalis\u00e9es, mesure d\u2019audience, partage de contenus sur les r\u00e9seaux sociaux) s\u2019appuient sur des services propos\u00e9s par des sites tiers, \u00e0 l\u2019aide de Cookies permettant notamment \u00e0 ces sites de tracer votre navigation, ou bien sur des Cookies directement propos\u00e9s par Evok (services d\u2019abonnement aux newsletters et actualit\u00e9s du groupe). Ces Cookies ne sont d\u00e9pos\u00e9s que si vous donnez votre accord. Vous pouvez les autoriser ou les interdire soit globalement pour l\u2019ensemble du site\u00a0et des services, soit service par service.<\/span><\/p>\n","protected":false},"excerpt":{"rendered":"<p>Certaines fonctionnalit\u00e9s de ce site (annonces personnalis\u00e9es, mesure d\u2019audience, partage de contenus sur les r\u00e9seaux sociaux) s\u2019appuient sur des services propos\u00e9s par des sites tiers, \u00e0 l\u2019aide de Cookies permettant notamment \u00e0 ces sites de tracer votre navigation, ou bien sur des Cookies directement propos\u00e9s par Evok (services d\u2019abonnement aux newsletters et actualit\u00e9s du groupe). [&hellip;]<\/p>\n","protected":false},"author":2,"featured_media":0,"parent":0,"menu_order":0,"comment_status":"closed","ping_status":"closed","template":"legal.php","meta":{"_acf_changed":false,"footnotes":""},"class_list":["post-595","page","type-page","status-publish","hentry"],"acf":[],"yoast_head":"<!-- This site is optimized with the Yoast SEO plugin v27.3 - https:\/\/yoast.com\/product\/yoast-seo-wordpress\/ -->\n<title>Confidentialit\u00e9 des cookies &#8226; Nolinski Golfe de Saint-Tropez<\/title>\n<meta name=\"robots\" content=\"noindex, follow, max-snippet:-1, max-image-preview:large, max-video-preview:-1\" \/>\n<meta property=\"og:locale\" content=\"fr_FR\" \/>\n<meta property=\"og:type\" content=\"article\" \/>\n<meta property=\"og:title\" content=\"Confidentialit\u00e9 des cookies &#8226; Nolinski Golfe de Saint-Tropez\" \/>\n<meta property=\"og:description\" content=\"Certaines fonctionnalit\u00e9s de ce site (annonces personnalis\u00e9es, mesure d\u2019audience, partage de contenus sur les r\u00e9seaux sociaux) s\u2019appuient sur des services propos\u00e9s par des sites tiers, \u00e0 l\u2019aide de Cookies permettant notamment \u00e0 ces sites de tracer votre navigation, ou bien sur des Cookies directement propos\u00e9s par Evok (services d\u2019abonnement aux newsletters et actualit\u00e9s du groupe). [&hellip;]\" \/>\n<meta property=\"og:url\" content=\"https:\/\/nolsttropez.milkdigital.fr\/fr\/confidentialite-des-cookies\/\" \/>\n<meta property=\"og:site_name\" content=\"Nolinski Golfe de Saint-Tropez\" \/>\n<meta property=\"article:modified_time\" content=\"2026-03-26T09:53:02+00:00\" \/>\n<meta property=\"og:image\" content=\"https:\/\/nolsttropez.milkdigital.fr\/wp-content\/uploads\/2026\/03\/hotel-nolinski-saint-tropez-piscine-reservation.jpg\" \/>\n\t<meta property=\"og:image:width\" content=\"1920\" \/>\n\t<meta property=\"og:image:height\" content=\"1080\" \/>\n\t<meta property=\"og:image:type\" content=\"image\/jpeg\" \/>\n<meta name=\"twitter:card\" content=\"summary_large_image\" \/>\n<meta name=\"twitter:label1\" content=\"Dur\u00e9e de lecture estim\u00e9e\" \/>\n\t<meta name=\"twitter:data1\" content=\"1 minute\" \/>\n<script type=\"application\/ld+json\" class=\"yoast-schema-graph\">{\"@context\":\"https:\\\/\\\/schema.org\",\"@graph\":[{\"@type\":\"WebPage\",\"@id\":\"https:\\\/\\\/nolsttropez.milkdigital.fr\\\/fr\\\/confidentialite-des-cookies\\\/\",\"url\":\"https:\\\/\\\/nolsttropez.milkdigital.fr\\\/fr\\\/confidentialite-des-cookies\\\/\",\"name\":\"Confidentialit\u00e9 des cookies &#8226; Nolinski Golfe de Saint-Tropez\",\"isPartOf\":{\"@id\":\"https:\\\/\\\/nolsttropez.milkdigital.fr\\\/#website\"},\"datePublished\":\"2026-03-25T16:19:55+00:00\",\"dateModified\":\"2026-03-26T09:53:02+00:00\",\"breadcrumb\":{\"@id\":\"https:\\\/\\\/nolsttropez.milkdigital.fr\\\/fr\\\/confidentialite-des-cookies\\\/#breadcrumb\"},\"inLanguage\":\"fr-FR\",\"potentialAction\":[{\"@type\":\"ReadAction\",\"target\":[\"https:\\\/\\\/nolsttropez.milkdigital.fr\\\/fr\\\/confidentialite-des-cookies\\\/\"]}]},{\"@type\":\"BreadcrumbList\",\"@id\":\"https:\\\/\\\/nolsttropez.milkdigital.fr\\\/fr\\\/confidentialite-des-cookies\\\/#breadcrumb\",\"itemListElement\":[{\"@type\":\"ListItem\",\"position\":1,\"name\":\"Accueil\",\"item\":\"https:\\\/\\\/nolsttropez.milkdigital.fr\\\/fr\\\/\"},{\"@type\":\"ListItem\",\"position\":2,\"name\":\"Confidentialit\u00e9 des cookies\"}]},{\"@type\":\"WebSite\",\"@id\":\"https:\\\/\\\/nolsttropez.milkdigital.fr\\\/#website\",\"url\":\"https:\\\/\\\/nolsttropez.milkdigital.fr\\\/\",\"name\":\"Nolinski Golfe de Saint-Tropez\",\"description\":\"H\u00f4tel 5*, restaurant, piscines, wellness, tennis &amp; padel\",\"potentialAction\":[{\"@type\":\"SearchAction\",\"target\":{\"@type\":\"EntryPoint\",\"urlTemplate\":\"https:\\\/\\\/nolsttropez.milkdigital.fr\\\/?s={search_term_string}\"},\"query-input\":{\"@type\":\"PropertyValueSpecification\",\"valueRequired\":true,\"valueName\":\"search_term_string\"}}],\"inLanguage\":\"fr-FR\"}]}<\/script>\n<!-- \/ Yoast SEO plugin. -->","yoast_head_json":{"title":"Confidentialit\u00e9 des cookies &#8226; Nolinski Golfe de Saint-Tropez","robots":{"index":"noindex","follow":"follow","max-snippet":"max-snippet:-1","max-image-preview":"max-image-preview:large","max-video-preview":"max-video-preview:-1"},"og_locale":"fr_FR","og_type":"article","og_title":"Confidentialit\u00e9 des cookies &#8226; Nolinski Golfe de Saint-Tropez","og_description":"Certaines fonctionnalit\u00e9s de ce site (annonces personnalis\u00e9es, mesure d\u2019audience, partage de contenus sur les r\u00e9seaux sociaux) s\u2019appuient sur des services propos\u00e9s par des sites tiers, \u00e0 l\u2019aide de Cookies permettant notamment \u00e0 ces sites de tracer votre navigation, ou bien sur des Cookies directement propos\u00e9s par Evok (services d\u2019abonnement aux newsletters et actualit\u00e9s du groupe). [&hellip;]","og_url":"https:\/\/nolsttropez.milkdigital.fr\/fr\/confidentialite-des-cookies\/","og_site_name":"Nolinski Golfe de Saint-Tropez","article_modified_time":"2026-03-26T09:53:02+00:00","og_image":[{"width":1920,"height":1080,"url":"https:\/\/nolsttropez.milkdigital.fr\/wp-content\/uploads\/2026\/03\/hotel-nolinski-saint-tropez-piscine-reservation.jpg","type":"image\/jpeg"}],"twitter_card":"summary_large_image","twitter_misc":{"Dur\u00e9e de lecture estim\u00e9e":"1 minute"},"schema":{"@context":"https:\/\/schema.org","@graph":[{"@type":"WebPage","@id":"https:\/\/nolsttropez.milkdigital.fr\/fr\/confidentialite-des-cookies\/","url":"https:\/\/nolsttropez.milkdigital.fr\/fr\/confidentialite-des-cookies\/","name":"Confidentialit\u00e9 des cookies &#8226; Nolinski Golfe de Saint-Tropez","isPartOf":{"@id":"https:\/\/nolsttropez.milkdigital.fr\/#website"},"datePublished":"2026-03-25T16:19:55+00:00","dateModified":"2026-03-26T09:53:02+00:00","breadcrumb":{"@id":"https:\/\/nolsttropez.milkdigital.fr\/fr\/confidentialite-des-cookies\/#breadcrumb"},"inLanguage":"fr-FR","potentialAction":[{"@type":"ReadAction","target":["https:\/\/nolsttropez.milkdigital.fr\/fr\/confidentialite-des-cookies\/"]}]},{"@type":"BreadcrumbList","@id":"https:\/\/nolsttropez.milkdigital.fr\/fr\/confidentialite-des-cookies\/#breadcrumb","itemListElement":[{"@type":"ListItem","position":1,"name":"Accueil","item":"https:\/\/nolsttropez.milkdigital.fr\/fr\/"},{"@type":"ListItem","position":2,"name":"Confidentialit\u00e9 des cookies"}]},{"@type":"WebSite","@id":"https:\/\/nolsttropez.milkdigital.fr\/#website","url":"https:\/\/nolsttropez.milkdigital.fr\/","name":"Nolinski Golfe de Saint-Tropez","description":"H\u00f4tel 5*, restaurant, piscines, wellness, tennis &amp; padel","potentialAction":[{"@type":"SearchAction","target":{"@type":"EntryPoint","urlTemplate":"https:\/\/nolsttropez.milkdigital.fr\/?s={search_term_string}"},"query-input":{"@type":"PropertyValueSpecification","valueRequired":true,"valueName":"search_term_string"}}],"inLanguage":"fr-FR"}]}},"_links":{"self":[{"href":"https:\/\/nolsttropez.milkdigital.fr\/fr\/wp-json\/wp\/v2\/pages\/595","targetHints":{"allow":["GET"]}}],"collection":[{"href":"https:\/\/nolsttropez.milkdigital.fr\/fr\/wp-json\/wp\/v2\/pages"}],"about":[{"href":"https:\/\/nolsttropez.milkdigital.fr\/fr\/wp-json\/wp\/v2\/types\/page"}],"author":[{"embeddable":true,"href":"https:\/\/nolsttropez.milkdigital.fr\/fr\/wp-json\/wp\/v2\/users\/2"}],"replies":[{"embeddable":true,"href":"https:\/\/nolsttropez.milkdigital.fr\/fr\/wp-json\/wp\/v2\/comments?post=595"}],"version-history":[{"count":2,"href":"https:\/\/nolsttropez.milkdigital.fr\/fr\/wp-json\/wp\/v2\/pages\/595\/revisions"}],"predecessor-version":[{"id":602,"href":"https:\/\/nolsttropez.milkdigital.fr\/fr\/wp-json\/wp\/v2\/pages\/595\/revisions\/602"}],"wp:attachment":[{"href":"https:\/\/nolsttropez.milkdigital.fr\/fr\/wp-json\/wp\/v2\/media?parent=595"}],"curies":[{"name":"wp","href":"https:\/\/api.w.org\/{rel}","templated":true}]}}