{"id":275,"date":"2026-02-19T10:30:26","date_gmt":"2026-02-19T09:30:26","guid":{"rendered":"https:\/\/nolsttropez.milkdigital.fr\/accueil\/"},"modified":"2026-03-31T15:10:18","modified_gmt":"2026-03-31T13:10:18","slug":"accueil","status":"publish","type":"page","link":"https:\/\/nolsttropez.milkdigital.fr\/fr\/","title":{"rendered":"Home"},"content":{"rendered":"","protected":false},"excerpt":{"rendered":"","protected":false},"author":1,"featured_media":0,"parent":0,"menu_order":0,"comment_status":"closed","ping_status":"open","template":"","meta":{"_acf_changed":false,"footnotes":""},"class_list":["post-275","page","type-page","status-publish","hentry"],"acf":[],"yoast_head":"<!-- This site is optimized with the Yoast SEO plugin v27.3 - https:\/\/yoast.com\/product\/yoast-seo-wordpress\/ -->\n<title>Nolinski Golfe de Saint-Tropez &#8226; H\u00f4tel 5*, restaurant, piscines, wellness, tennis &amp; padel<\/title>\n<meta name=\"description\" content=\"\u00c0 quelques minutes de Saint Tropez, des plages, du march\u00e9 et du port, Nolinski signe une nouvelle adresse d\u2019exception au c\u0153ur du Golfe.\" \/>\n<meta name=\"robots\" content=\"noindex, follow, max-snippet:-1, max-image-preview:large, max-video-preview:-1\" \/>\n<meta property=\"og:locale\" content=\"fr_FR\" \/>\n<meta property=\"og:type\" content=\"article\" \/>\n<meta property=\"og:title\" content=\"Nolinski Golfe de Saint-Tropez &#8226; H\u00f4tel 5*, restaurant, piscines, wellness, tennis &amp; padel\" \/>\n<meta property=\"og:description\" content=\"\u00c0 quelques minutes de Saint Tropez, des plages, du march\u00e9 et du port, Nolinski signe une nouvelle adresse d\u2019exception au c\u0153ur du Golfe.\" \/>\n<meta property=\"og:url\" content=\"https:\/\/nolsttropez.milkdigital.fr\/fr\/\" \/>\n<meta property=\"og:site_name\" content=\"Nolinski Golfe de Saint-Tropez\" \/>\n<meta property=\"article:modified_time\" content=\"2026-03-31T13:10:18+00:00\" \/>\n<meta property=\"og:image\" content=\"https:\/\/nolsttropez.milkdigital.fr\/wp-content\/uploads\/2026\/03\/hotel-nolinski-saint-tropez-piscine-reservation.jpg\" \/>\n\t<meta property=\"og:image:width\" content=\"1920\" \/>\n\t<meta property=\"og:image:height\" content=\"1080\" \/>\n\t<meta property=\"og:image:type\" content=\"image\/jpeg\" \/>\n<meta name=\"twitter:card\" content=\"summary_large_image\" \/>\n<script type=\"application\/ld+json\" class=\"yoast-schema-graph\">{\"@context\":\"https:\\\/\\\/schema.org\",\"@graph\":[{\"@type\":\"WebPage\",\"@id\":\"https:\\\/\\\/nolsttropez.milkdigital.fr\\\/fr\\\/\",\"url\":\"https:\\\/\\\/nolsttropez.milkdigital.fr\\\/fr\\\/\",\"name\":\"Nolinski Golfe de Saint-Tropez &#8226; H\u00f4tel 5*, restaurant, piscines, wellness, tennis &amp; padel\",\"isPartOf\":{\"@id\":\"https:\\\/\\\/nolsttropez.milkdigital.fr\\\/#website\"},\"datePublished\":\"2026-02-19T09:30:26+00:00\",\"dateModified\":\"2026-03-31T13:10:18+00:00\",\"description\":\"\u00c0 quelques minutes de Saint Tropez, des plages, du march\u00e9 et du port, Nolinski signe une nouvelle adresse d\u2019exception au c\u0153ur du Golfe.\",\"breadcrumb\":{\"@id\":\"https:\\\/\\\/nolsttropez.milkdigital.fr\\\/fr\\\/#breadcrumb\"},\"inLanguage\":\"fr-FR\",\"potentialAction\":[{\"@type\":\"ReadAction\",\"target\":[\"https:\\\/\\\/nolsttropez.milkdigital.fr\\\/fr\\\/\"]}]},{\"@type\":\"BreadcrumbList\",\"@id\":\"https:\\\/\\\/nolsttropez.milkdigital.fr\\\/fr\\\/#breadcrumb\",\"itemListElement\":[{\"@type\":\"ListItem\",\"position\":1,\"name\":\"Accueil\",\"item\":\"https:\\\/\\\/nolsttropez.milkdigital.fr\\\/fr\\\/\"},{\"@type\":\"ListItem\",\"position\":2,\"name\":\"Home\"}]},{\"@type\":\"WebSite\",\"@id\":\"https:\\\/\\\/nolsttropez.milkdigital.fr\\\/#website\",\"url\":\"https:\\\/\\\/nolsttropez.milkdigital.fr\\\/\",\"name\":\"Nolinski Golfe de Saint-Tropez\",\"description\":\"H\u00f4tel 5*, restaurant, piscines, wellness, tennis &amp; padel\",\"potentialAction\":[{\"@type\":\"SearchAction\",\"target\":{\"@type\":\"EntryPoint\",\"urlTemplate\":\"https:\\\/\\\/nolsttropez.milkdigital.fr\\\/?s={search_term_string}\"},\"query-input\":{\"@type\":\"PropertyValueSpecification\",\"valueRequired\":true,\"valueName\":\"search_term_string\"}}],\"inLanguage\":\"fr-FR\"}]}<\/script>\n<!-- \/ Yoast SEO plugin. -->","yoast_head_json":{"title":"Nolinski Golfe de Saint-Tropez &#8226; H\u00f4tel 5*, restaurant, piscines, wellness, tennis &amp; padel","description":"\u00c0 quelques minutes de Saint Tropez, des plages, du march\u00e9 et du port, Nolinski signe une nouvelle adresse d\u2019exception au c\u0153ur du Golfe.","robots":{"index":"noindex","follow":"follow","max-snippet":"max-snippet:-1","max-image-preview":"max-image-preview:large","max-video-preview":"max-video-preview:-1"},"og_locale":"fr_FR","og_type":"article","og_title":"Nolinski Golfe de Saint-Tropez &#8226; H\u00f4tel 5*, restaurant, piscines, wellness, tennis &amp; padel","og_description":"\u00c0 quelques minutes de Saint Tropez, des plages, du march\u00e9 et du port, Nolinski signe une nouvelle adresse d\u2019exception au c\u0153ur du Golfe.","og_url":"https:\/\/nolsttropez.milkdigital.fr\/fr\/","og_site_name":"Nolinski Golfe de Saint-Tropez","article_modified_time":"2026-03-31T13:10:18+00:00","og_image":[{"width":1920,"height":1080,"url":"https:\/\/nolsttropez.milkdigital.fr\/wp-content\/uploads\/2026\/03\/hotel-nolinski-saint-tropez-piscine-reservation.jpg","type":"image\/jpeg"}],"twitter_card":"summary_large_image","schema":{"@context":"https:\/\/schema.org","@graph":[{"@type":"WebPage","@id":"https:\/\/nolsttropez.milkdigital.fr\/fr\/","url":"https:\/\/nolsttropez.milkdigital.fr\/fr\/","name":"Nolinski Golfe de Saint-Tropez &#8226; H\u00f4tel 5*, restaurant, piscines, wellness, tennis &amp; padel","isPartOf":{"@id":"https:\/\/nolsttropez.milkdigital.fr\/#website"},"datePublished":"2026-02-19T09:30:26+00:00","dateModified":"2026-03-31T13:10:18+00:00","description":"\u00c0 quelques minutes de Saint Tropez, des plages, du march\u00e9 et du port, Nolinski signe une nouvelle adresse d\u2019exception au c\u0153ur du Golfe.","breadcrumb":{"@id":"https:\/\/nolsttropez.milkdigital.fr\/fr\/#breadcrumb"},"inLanguage":"fr-FR","potentialAction":[{"@type":"ReadAction","target":["https:\/\/nolsttropez.milkdigital.fr\/fr\/"]}]},{"@type":"BreadcrumbList","@id":"https:\/\/nolsttropez.milkdigital.fr\/fr\/#breadcrumb","itemListElement":[{"@type":"ListItem","position":1,"name":"Accueil","item":"https:\/\/nolsttropez.milkdigital.fr\/fr\/"},{"@type":"ListItem","position":2,"name":"Home"}]},{"@type":"WebSite","@id":"https:\/\/nolsttropez.milkdigital.fr\/#website","url":"https:\/\/nolsttropez.milkdigital.fr\/","name":"Nolinski Golfe de Saint-Tropez","description":"H\u00f4tel 5*, restaurant, piscines, wellness, tennis &amp; padel","potentialAction":[{"@type":"SearchAction","target":{"@type":"EntryPoint","urlTemplate":"https:\/\/nolsttropez.milkdigital.fr\/?s={search_term_string}"},"query-input":{"@type":"PropertyValueSpecification","valueRequired":true,"valueName":"search_term_string"}}],"inLanguage":"fr-FR"}]}},"_links":{"self":[{"href":"https:\/\/nolsttropez.milkdigital.fr\/fr\/wp-json\/wp\/v2\/pages\/275","targetHints":{"allow":["GET"]}}],"collection":[{"href":"https:\/\/nolsttropez.milkdigital.fr\/fr\/wp-json\/wp\/v2\/pages"}],"about":[{"href":"https:\/\/nolsttropez.milkdigital.fr\/fr\/wp-json\/wp\/v2\/types\/page"}],"author":[{"embeddable":true,"href":"https:\/\/nolsttropez.milkdigital.fr\/fr\/wp-json\/wp\/v2\/users\/1"}],"replies":[{"embeddable":true,"href":"https:\/\/nolsttropez.milkdigital.fr\/fr\/wp-json\/wp\/v2\/comments?post=275"}],"version-history":[{"count":27,"href":"https:\/\/nolsttropez.milkdigital.fr\/fr\/wp-json\/wp\/v2\/pages\/275\/revisions"}],"predecessor-version":[{"id":660,"href":"https:\/\/nolsttropez.milkdigital.fr\/fr\/wp-json\/wp\/v2\/pages\/275\/revisions\/660"}],"wp:attachment":[{"href":"https:\/\/nolsttropez.milkdigital.fr\/fr\/wp-json\/wp\/v2\/media?parent=275"}],"curies":[{"name":"wp","href":"https:\/\/api.w.org\/{rel}","templated":true}]}}